{"id":100,"date":"2024-01-17T12:16:04","date_gmt":"2024-01-17T12:16:04","guid":{"rendered":"https:\/\/residenciamadrigal.com\/?page_id=100"},"modified":"2024-01-22T07:54:36","modified_gmt":"2024-01-22T07:54:36","slug":"servicio-de-fisioterapia","status":"publish","type":"page","link":"https:\/\/residenciamadrigal.com\/index.php\/servicio-de-fisioterapia\/","title":{"rendered":"Servicio de fisioterapia"},"content":{"rendered":"\n<p class=\"has-text-color has-link-color wp-elements-b17de66b4af8c83d427583734c6b2285\" style=\"color:#1e64ac\">El servicio de fisioterapia no s\u00f3lo est\u00e1 enfocado al tratamiento de condiciones m\u00e9dicas y a la ganancia de movilidad y fuerza de nuestros residentes sino que tambi\u00e9n, se centra en la prevenci\u00f3n de ca\u00eddas y en la promoci\u00f3n de un envejecimiento activo con el fin de conseguir mejorar la calidad de vida de nuestros mayores a trav\u00e9s del ejercicio terap\u00e9utico.<\/p>\n","protected":false},"excerpt":{"rendered":"<p>El servicio de fisioterapia no s\u00f3lo est\u00e1 enfocado al tratamiento de condiciones m\u00e9dicas y a la ganancia de movilidad y fuerza de nuestros residentes sino que tambi\u00e9n, se centra en la prevenci\u00f3n de ca\u00eddas y en la promoci\u00f3n de un envejecimiento activo con el fin de conseguir mejorar la calidad de vida de nuestros mayores [&hellip;]<\/p>\n","protected":false},"author":1,"featured_media":0,"parent":0,"menu_order":0,"comment_status":"closed","ping_status":"closed","template":"","meta":{"footnotes":""},"class_list":["post-100","page","type-page","status-publish","hentry"],"aioseo_notices":[],"_links":{"self":[{"href":"https:\/\/residenciamadrigal.com\/index.php\/wp-json\/wp\/v2\/pages\/100","targetHints":{"allow":["GET"]}}],"collection":[{"href":"https:\/\/residenciamadrigal.com\/index.php\/wp-json\/wp\/v2\/pages"}],"about":[{"href":"https:\/\/residenciamadrigal.com\/index.php\/wp-json\/wp\/v2\/types\/page"}],"author":[{"embeddable":true,"href":"https:\/\/residenciamadrigal.com\/index.php\/wp-json\/wp\/v2\/users\/1"}],"replies":[{"embeddable":true,"href":"https:\/\/residenciamadrigal.com\/index.php\/wp-json\/wp\/v2\/comments?post=100"}],"version-history":[{"count":2,"href":"https:\/\/residenciamadrigal.com\/index.php\/wp-json\/wp\/v2\/pages\/100\/revisions"}],"predecessor-version":[{"id":150,"href":"https:\/\/residenciamadrigal.com\/index.php\/wp-json\/wp\/v2\/pages\/100\/revisions\/150"}],"wp:attachment":[{"href":"https:\/\/residenciamadrigal.com\/index.php\/wp-json\/wp\/v2\/media?parent=100"}],"curies":[{"name":"wp","href":"https:\/\/api.w.org\/{rel}","templated":true}]}}